{"id":12529,"date":"2015-06-10T14:52:10","date_gmt":"2015-06-10T12:52:10","guid":{"rendered":"http:\/\/www.erekibeon.com\/blog\/?page_id=12529"},"modified":"2024-12-28T20:35:34","modified_gmt":"2024-12-28T19:35:34","slug":"temas-legales","status":"publish","type":"page","link":"https:\/\/www.erekibeon.com\/blog\/temas-legales\/","title":{"rendered":"Temas legales"},"content":{"rendered":"\n<figure class=\"wp-block-table\"><table class=\"has-fixed-layout\"><tbody><tr><td>\n<h3>\u00cdndice<\/h3>\n<ul>\n<li><span style=\"text-decoration: underline;\"><a href=\"#licencia\">Licencia<\/a><\/span><\/li>\n<li><span style=\"text-decoration: underline;\"><a href=\"#derechos\">Derechos y responsabilidades sobre contenidos<\/a><\/span><\/li>\n<li><span style=\"text-decoration: underline;\"><a href=\"#privacidad\">Pol\u00edtica de Privacidad<\/a><\/span><\/li>\n<li><span style=\"text-decoration: underline;\"><a href=\"#politicacookies\">Pol\u00edtica de cookies<\/a><\/span><\/li>\n<\/ul>\n<\/td><\/tr><\/tbody><\/table><\/figure>\n\n\n\n<h2 class=\"wp-block-heading\" id=\"licencia\">Licencia<\/h2>\n\n\n\n<figure class=\"wp-block-image alignleft\"><a href=\"https:\/\/creativecommons.org\/licenses\/by-nc-sa\/3.0\/deed.es_ES\" rel=\"license\"><img data-recalc-dims=\"1\" decoding=\"async\" src=\"https:\/\/i0.wp.com\/i.creativecommons.org\/l\/by-nc-sa\/3.0\/88x31.png?ssl=1\" alt=\"Licencia Creative Commons\"\/><\/a><\/figure>\n\n\n\n<p>Todos los textos de este blog (exceptuando las citas textuales) escritos por <a href=\"https:\/\/erekibeon.com\/blog\/about\" rel=\"cc:attributionURL\">Erek\u00edbeon<\/a>&nbsp;se encuentran bajo una Licencia <a href=\"https:\/\/creativecommons.org\/licenses\/by-nc-sa\/4.0\/deed.es_ES\" target=\"_blank\" rel=\"license noopener noreferrer\">Creative Commons Reconocimiento-NoComercial-Compartir Igual 4.0 Unported<\/a>. Si necesitaras un permiso que vaya m\u00e1s all\u00e1 de lo cubierto por esta licencia, ponte en contacto conmigo, que no muerdo \ud83d\ude09<\/p>\n\n\n\n<hr class=\"wp-block-separator has-text-color has-accent-2-color has-alpha-channel-opacity has-accent-2-background-color has-background is-style-default\" style=\"margin-top:var(--wp--preset--spacing--50);margin-bottom:var(--wp--preset--spacing--50)\"\/>\n\n\n\n<h2 class=\"wp-block-heading\" id=\"derechos\">Derechos y responsabilidades sobre contenidos<\/h2>\n\n\n\n<p>En cualquiera de mis blogs hay im\u00e1genes, v\u00eddeos, m\u00fasica, etc., encontrados en Internet y que figuran en dichos blogs simplemente como apoyo y\/o acompa\u00f1amiento a un texto, sin m\u00e1s intenci\u00f3n que la de darle un poco de variedad al mismo.<\/p>\n\n\n\n<p>Pero si eres el propietario de alguna fotograf\u00eda, v\u00eddeo, m\u00fasica, etc., y crees que estoy menoscabando tus derechos como autor, te rogar\u00eda que te pusieras en contacto conmigo mediante email (<strong>erekibeon arroba gmail punto com<\/strong>), para eliminar inmediatamente tu creaci\u00f3n de cualquiera de mis espacios virtuales.<\/p>\n\n\n\n<p>Los textos de todos mis blogs (salvo aquellos fragmentos necesarios, que siempre trato de que vayan acompa\u00f1ados del nombre de su autor) son exclusivamente m\u00edos. Las opiniones vertidas en dichos textos son a t\u00edtulo personal. Si alguien se considerase ofendido, de nuevo me tiene a su disposici\u00f3n en el correo electr\u00f3nico citado en el p\u00e1rrafo anterior.<\/p>\n\n\n\n<p>La responsabilidad de cualquier \u201cComentario\u201d hecho en cualquiera de mis blogs, por personas ajenas a m\u00ed, corresponde a sus autores, siendo m\u00eda \u00fanicamente la facultad de borrarlos, hecho que se producir\u00e1 cuando considere que atentan contra el respeto com\u00fan, o a petici\u00f3n de quien se considere ofendido.<\/p>\n\n\n\n<hr class=\"wp-block-separator has-text-color has-accent-2-color has-alpha-channel-opacity has-accent-2-background-color has-background\" style=\"margin-top:var(--wp--preset--spacing--50);margin-bottom:var(--wp--preset--spacing--50)\"\/>\n\n\n\n<h2 class=\"wp-block-heading\" id=\"privacidad\">Pol\u00edtica de privacidad<\/h2>\n\n\n\n<h3 class=\"wp-block-heading\">\u00bfQu\u00e9 datos recoge la p\u00e1gina?<\/h3>\n\n\n\n<p>Solamente se solicitan datos a los usuarios que quieran dejar un comentario, y son:<\/p>\n\n\n\n<ul class=\"wp-block-list\">\n<li><strong>Nombre <\/strong>y<strong> direcci\u00f3n de Correo Electr\u00f3nico<\/strong>: obligatorios<\/li>\n\n\n\n<li><strong>Web:\u00a0<\/strong>Opcional<\/li>\n<\/ul>\n\n\n\n<h3 class=\"wp-block-heading\">\u00bfCon qu\u00e9 finalidad?<\/h3>\n\n\n\n<p>Para autentificar el comentario, evitar que sea considerado spam y facilitar las posibles respuestas a dicho comentario. No voy a vender tus datos ni a ced\u00e9rselos a terceros.<\/p>\n\n\n\n<h3 class=\"wp-block-heading\">\u00bfDurante cu\u00e1nto tiempo?<\/h3>\n\n\n\n<p>En principio indefinidamente, para que permanezcan asociados al comentario. Pero en cualquier momento puedes solicitar que los borre.<\/p>\n\n\n\n<h3 class=\"wp-block-heading\">\u00bfComo puedo ejercitar mis derechos de&nbsp;acceso, rectificaci\u00f3n, cancelaci\u00f3n, oposici\u00f3n y portabilidad y olvido?<\/h3>\n\n\n\n<p>Mediante correo electr\u00f3nico enviado a <strong>erekibeon arroba gmail punto com.&nbsp;<\/strong><\/p>\n\n\n\n<hr class=\"wp-block-separator has-text-color has-accent-2-color has-alpha-channel-opacity has-accent-2-background-color has-background\" style=\"margin-top:var(--wp--preset--spacing--50);margin-bottom:var(--wp--preset--spacing--50)\"\/>\n\n\n\n<h2 class=\"wp-block-heading\" id=\"politicacookies\">Pol\u00edtica de cookies<\/h2>\n\n\n\n<p>Por la mera visita a esta web, el usuario no est\u00e1 facilitando informaci\u00f3n personal alguna ni queda obligado a ello.<\/p>\n\n\n\n<h3 class=\"wp-block-heading\">Definici\u00f3n y funci\u00f3n de las&nbsp;cookies<\/h3>\n\n\n\n<p>Una&nbsp;<em>cookie&nbsp;<\/em>es un fichero que se descarga en el ordenador al acceder a determinadas p\u00e1ginas web. Las&nbsp;<em>cookies&nbsp;<\/em>permiten a una p\u00e1gina web, entre otras cosas, almacenar y recuperar informaci\u00f3n sobre los h\u00e1bitos de navegaci\u00f3n de un usuario o de su equipo y, dependiendo de la informaci\u00f3n que contengan y de la forma en que utilice su equipo, pueden utilizarse para reconocer al usuario.<\/p>\n\n\n\n<h3 class=\"wp-block-heading\">\u00bfQu\u00e9 tipos de cookies utiliza esta p\u00e1gina web?<\/h3>\n\n\n\n<p><strong>Cookies t\u00e9cnicas<\/strong><em>: <\/em>Hacen posible que la web se autorregule y el usuario utilice y acceda a las diferentes opciones o servicios que ofrece la web. Sirven para controlar el tr\u00e1fico y la comunicaci\u00f3n de datos, identificar la sesi\u00f3n, acceder a zonas de la web de acceso restringido, realizar la solicitud de inscripci\u00f3n o participaci\u00f3n en un evento, utilizar elementos de seguridad durante la navegaci\u00f3n, almacenar contenidos para la difusi\u00f3n de videos o sonido o compartir contenidos a trav\u00e9s de redes sociales.<\/p>\n\n\n\n<p><strong>Cookies de an\u00e1lisis<\/strong>: Permiten cuantificar el n\u00famero de usuarios y as\u00ed realizar la medici\u00f3n y an\u00e1lisis estad\u00edstico del tr\u00e1fico por la web, recabando informaci\u00f3n del usuario (IP, principalmente), as\u00ed como la navegaci\u00f3n que \u00e9ste ha realizado (origen, visitas, tiempo en la p\u00e1gina, etc).<\/p>\n\n\n\n<p><strong>Cookies de personalizaci\u00f3n<\/strong>: Hacen que el usuario pueda acceder a esta web con algunas caracter\u00edsticas de car\u00e1cter general predefinidas en funci\u00f3n de una serie de criterios en el terminal del usuario: el idioma, el tipo de navegador a trav\u00e9s del cual accede al servicio, la configuraci\u00f3n regional desde donde accede a la p\u00e1gina, etc.<\/p>\n\n\n\n<p><strong>Cookies de terceros<\/strong>: Esta p\u00e1gina web utiliza <strong>Google Analytics<\/strong>, un servicio anal\u00edtico de web prestado por Google, Inc., una compa\u00f1\u00eda de Delaware cuya oficina principal est\u00e1 en 1600 Amphitheatre Parkway, Mountain View (California), CA 94043, Estados Unidos (\u201cGoogle\u201d). Google Analytics utiliza cookies para ayudar a esta web a analizar el uso que hacen los usuarios. La informaci\u00f3n que generan las cookies acerca de su uso de esta web (incluyendo su direccion IP) ser\u00e1 directamente transmitida y archivada por Google en los servidores de Estados Unidos. Google usar\u00e1 esta informaci\u00f3n por cuenta nuestra con el prop\u00f3sito de seguir la pista de su uso, recopilando informes de la actividad de esta web y el uso de Internet. Google podr\u00e1 transmitir dicha informaci\u00f3n a terceros cuando as\u00ed se lo requiera la legislaci\u00f3n, o cuando dichos terceros procesen la informaci\u00f3n por cuenta de Google.<\/p>\n\n\n\n<h3 class=\"wp-block-heading\">\u00bfC\u00f3mo administrar cookies en el navegador?<\/h3>\n\n\n\n<p>El usuario acepta expresamente, por la utilizaci\u00f3n de esta web,&nbsp;el tratamiento de la informaci\u00f3n&nbsp;recabada en la forma y con los fines anteriormente mencionados. Y asimismo reconoce que sabe de la posibilidad de rechazar el tratamiento de&nbsp;tales datos o informaci\u00f3n&nbsp;rechazando el uso de Cookies mediante la selecci\u00f3n de la configuraci\u00f3n apropiada a tal fin en su navegador. Sin embargo, esta opci\u00f3n de bloqueo de Cookies en el navegador puede que no permita el uso pleno de todas las funcionalidades del Website.<\/p>\n\n\n\n<ul class=\"wp-block-list\">\n<li>Desactivaci\u00f3n o eliminaci\u00f3n de cookies pertenecientes a\u00a0<strong>Google Analytics.<\/strong><\/li>\n<\/ul>\n\n\n\n<p>Se puede desinstalar o desactivar las cookies de Google Analytics, bien mediante la configuraci\u00f3n del navegador o instalando el complemento de inhabilitaci\u00f3n de Google Analytics, que evita que se recopile informaci\u00f3n sobre visitas a otras p\u00e1ginas web disponible en la siguiente p\u00e1gina: <a href=\"https:\/\/tools.google.com\/dlpage\/gaoptout?hl=es\">https:\/\/tools.google.com\/dlpage\/gaoptout?hl=es<\/a>.<\/p>\n\n\n\n<ul class=\"wp-block-list\">\n<li>Desactivaci\u00f3n de\u00a0<strong>cookies propias.<\/strong><\/li>\n<\/ul>\n\n\n\n<p>Por favor, lee atentamente la secci\u00f3n de ayuda de tu navegador para conocer m\u00e1s acerca de c\u00f3mo activar el \u201cmodo privado\u201d o desbloquear determinadas cookies.<\/p>\n\n\n\n<ul class=\"wp-block-list\">\n<li>\n<ul class=\"wp-block-list\">\n<li><strong>Internet Explorer<\/strong>: Herramientas -> Opciones de Internet -> Privacidad -> Configuraci\u00f3n.<\/li>\n<\/ul>\n<\/li>\n<\/ul>\n\n\n\n<p>Para m\u00e1s informaci\u00f3n, puedes consultar el&nbsp;<a href=\"https:\/\/windows.microsoft.com\/es-ES\/windows\/support\" target=\"_blank\" rel=\"noopener noreferrer\">soporte de Microsoft<\/a>&nbsp;o la Ayuda del navegador.<\/p>\n\n\n\n<ul class=\"wp-block-list\">\n<li>\n<ul class=\"wp-block-list\">\n<li><strong>Firefox<\/strong>: Herramientas -> Opciones -> Privacidad -> Historial -> Configuraci\u00f3n Personalizada.<\/li>\n<\/ul>\n<\/li>\n<\/ul>\n\n\n\n<p>Para m\u00e1s informaci\u00f3n, puedes consultar el&nbsp;<a href=\"https:\/\/support.mozilla.org\/es\/home\" target=\"_blank\" rel=\"noopener noreferrer\">soporte de Mozilla<\/a>&nbsp;o la Ayuda del navegador.<\/p>\n\n\n\n<ul class=\"wp-block-list\">\n<li>\n<ul class=\"wp-block-list\">\n<li><strong>Chrome<\/strong>: Configuraci\u00f3n -> Mostrar opciones avanzadas -> Privacidad -> Configuraci\u00f3n de contenido.<\/li>\n<\/ul>\n<\/li>\n<\/ul>\n\n\n\n<p>Para m\u00e1s informaci\u00f3n, puedes consultar el&nbsp;<a href=\"https:\/\/support.google.com\/chrome\/?hl=es\" target=\"_blank\" rel=\"noopener noreferrer\">soporte de Google<\/a>&nbsp;o la Ayuda del navegador.<\/p>\n\n\n\n<ul class=\"wp-block-list\">\n<li>\n<ul class=\"wp-block-list\">\n<li><strong>Safari<\/strong>: Preferencias -> Seguridad.<\/li>\n<\/ul>\n<\/li>\n<\/ul>\n\n\n\n<p>Para m\u00e1s informaci\u00f3n, puedes consultar el&nbsp;<a href=\"https:\/\/www.apple.com\/es\/support\/safari\/\" target=\"_blank\" rel=\"noopener noreferrer\">soporte de Apple<\/a>&nbsp;o la Ayuda del navegador.<\/p>\n\n\n\n<h3 class=\"wp-block-heading\">Botones sociales<\/h3>\n\n\n\n<p>Utilizo botones sociales para que los usuarios puedan compartir p\u00e1ginas web o seleccionarlas como favoritas. Se trata de botones para sitios web de medios sociales externos. Estos sitios pueden registrar informaci\u00f3n sobre tus actividades en Internet, incluyendo esta web. Puedes revisar las condiciones de uso y las pol\u00edticas de privacidad de estos sitios web para saber exactamente c\u00f3mo utilizan la informaci\u00f3n y para averiguar c\u00f3mo puede eliminarse o borrarse dicha informaci\u00f3n.<\/p>\n\n\n\n<h3 class=\"wp-block-heading\">Servicios web externos<\/h3>\n\n\n\n<p>En ocasiones utilizo servicios web externos para mostrar contenidos dentro de la web. Por ejemplo, para mostrar im\u00e1genes o v\u00eddeos, o para realizar encuestas. Al igual que los botones sociales, no puedo evitar que estos sitios, o dominios externos, recopilen informaci\u00f3n sobre el uso que se hace de estos contenidos incrustados.<\/p>\n\n\n\n<p><\/p>\n\n\n\n<p><\/p>\n\n\n\n<p><a href=\"https:\/\/www.erekibeon.com\/blog\">Volver a la p\u00e1gina principal<\/a><\/p>\n\n\n\n<p>&nbsp;<\/p>\n","protected":false},"excerpt":{"rendered":"<p>\u00cdndice Licencia Derechos y responsabilidades sobre contenidos Pol\u00edtica de Privacidad Pol\u00edtica de cookies Licencia Todos los textos de este blog (exceptuando las citas textuales) escritos por Erek\u00edbeon&nbsp;se encuentran bajo una Licencia Creative Commons Reconocimiento-NoComercial-Compartir Igual 4.0 Unported. Si necesitaras un permiso que vaya m\u00e1s all\u00e1 de lo cubierto por esta licencia, ponte en contacto conmigo, [&hellip;]<\/p>\n","protected":false},"author":2,"featured_media":0,"parent":0,"menu_order":0,"comment_status":"closed","ping_status":"open","template":"","meta":{"footnotes":""},"class_list":["post-12529","page","type-page","status-publish","hentry"],"jetpack_sharing_enabled":true,"jetpack-related-posts":[{"id":12531,"url":"https:\/\/www.erekibeon.com\/blog\/de-que-va-esto-del-rol\/","url_meta":{"origin":12529,"position":0},"title":"De qu\u00e9 va esto del rol","author":"Erek\u00edbeon","date":"11\/06\/2015","format":false,"excerpt":"El caso es que puedes encontrar definiciones bastante completas tanto en la Wikipedia como en el mism\u00edsimo Ministerio de Educaci\u00f3n. Pero si prefieres una explicaci\u00f3n m\u00e1s cortita y (espero) m\u00e1s \u201centendible\u201d, lo primero que te dir\u00eda es que \u00e9ste es el aspecto habitual de una partida de rol: Foto realizada\u2026","rel":"","context":"Entrada similar","block_context":{"text":"Entrada similar","link":""},"img":{"alt_text":"","src":"https:\/\/i0.wp.com\/www.erekibeon.com\/blog\/wp-content\/uploads\/master_zps6s7w3xr0.jpg?resize=350%2C200&ssl=1","width":350,"height":200,"srcset":"https:\/\/i0.wp.com\/www.erekibeon.com\/blog\/wp-content\/uploads\/master_zps6s7w3xr0.jpg?resize=350%2C200&ssl=1 1x, https:\/\/i0.wp.com\/www.erekibeon.com\/blog\/wp-content\/uploads\/master_zps6s7w3xr0.jpg?resize=525%2C300&ssl=1 1.5x"},"classes":[]}],"_links":{"self":[{"href":"https:\/\/www.erekibeon.com\/blog\/wp-json\/wp\/v2\/pages\/12529","targetHints":{"allow":["GET"]}}],"collection":[{"href":"https:\/\/www.erekibeon.com\/blog\/wp-json\/wp\/v2\/pages"}],"about":[{"href":"https:\/\/www.erekibeon.com\/blog\/wp-json\/wp\/v2\/types\/page"}],"author":[{"embeddable":true,"href":"https:\/\/www.erekibeon.com\/blog\/wp-json\/wp\/v2\/users\/2"}],"replies":[{"embeddable":true,"href":"https:\/\/www.erekibeon.com\/blog\/wp-json\/wp\/v2\/comments?post=12529"}],"version-history":[{"count":11,"href":"https:\/\/www.erekibeon.com\/blog\/wp-json\/wp\/v2\/pages\/12529\/revisions"}],"predecessor-version":[{"id":24360,"href":"https:\/\/www.erekibeon.com\/blog\/wp-json\/wp\/v2\/pages\/12529\/revisions\/24360"}],"wp:attachment":[{"href":"https:\/\/www.erekibeon.com\/blog\/wp-json\/wp\/v2\/media?parent=12529"}],"curies":[{"name":"wp","href":"https:\/\/api.w.org\/{rel}","templated":true}]}}